{"id":1328,"date":"2024-09-06T03:30:15","date_gmt":"2024-09-06T03:30:15","guid":{"rendered":"https:\/\/aprowin.com\/?page_id=1328"},"modified":"2024-12-25T08:38:09","modified_gmt":"2024-12-25T08:38:09","slug":"flugelfensterinstallation","status":"publish","type":"page","link":"https:\/\/aprowin.com\/de\/flugelfensterinstallation\/","title":{"rendered":"Fl\u00fcgelfensterinstallation: Schritt-f\u00fcr-Schritt-Anleitung"},"content":{"rendered":"<div data-elementor-type=\"wp-page\" data-elementor-id=\"1328\" class=\"elementor elementor-1328\" data-elementor-post-type=\"page\">\n\t\t\t\t<div class=\"elementor-element elementor-element-12b62c6e e-flex e-con-boxed e-con e-parent\" data-id=\"12b62c6e\" data-element_type=\"container\">\n\t\t\t\t\t<div class=\"e-con-inner\">\n\t\t\t\t<div class=\"elementor-element elementor-element-68a74cb7 elementor-widget elementor-widget-text-editor\" data-id=\"68a74cb7\" data-element_type=\"widget\" data-widget_type=\"text-editor.default\">\n\t\t\t\t<div class=\"elementor-widget-container\">\n\t\t\t\t\t\t\t\t\t\n<p>Installieren eines <a href=\"https:\/\/aprowin.com\/de\/flugelfenster\/\">Fl\u00fcgelfenster<\/a> kann schwierig erscheinen, aber durch Befolgen dieser detaillierten Schritte k\u00f6nnen Sie eine reibungslose und erfolgreiche Installation sicherstellen.<\/p>\n<p>Lassen Sie uns den Vorgang Schritt f\u00fcr Schritt durchgehen.<\/p>\n\n<h3 class=\"wp-block-heading\">Schritt 1: Fenster\u00f6ffnung mit Unterlegkeilen nivellieren<\/h3>\n<p><img fetchpriority=\"high\" decoding=\"async\" class=\"aligncenter wp-image-1362 size-medium\" title=\"Ein Mann misst sorgf\u00e4ltig einen Fensterrahmen und stellt sicher, dass er f\u00fcr eine genaue Installation mit Unterlegkeilen nivelliert ist\" src=\"https:\/\/aprowin.com\/wp-content\/uploads\/2024\/09\/A-man-carefully-measures-a-window-frame-ensuring-it-is-leveled-with-shims-for-accurate-installation-500x333.webp\" alt=\"Ein Mann misst sorgf\u00e4ltig einen Fensterrahmen und stellt sicher, dass er f\u00fcr eine genaue Installation mit Unterlegkeilen nivelliert ist\" width=\"500\" height=\"333\" srcset=\"https:\/\/aprowin.com\/wp-content\/uploads\/2024\/09\/A-man-carefully-measures-a-window-frame-ensuring-it-is-leveled-with-shims-for-accurate-installation-500x333.webp 500w, https:\/\/aprowin.com\/wp-content\/uploads\/2024\/09\/A-man-carefully-measures-a-window-frame-ensuring-it-is-leveled-with-shims-for-accurate-installation-768x512.webp 768w, https:\/\/aprowin.com\/wp-content\/uploads\/2024\/09\/A-man-carefully-measures-a-window-frame-ensuring-it-is-leveled-with-shims-for-accurate-installation.webp 1500w\" sizes=\"(max-width: 500px) 100vw, 500px\" \/><\/p>\n\n<p>Stellen Sie vor dem Einsetzen des Fensters sicher, dass die Fensterbank vollkommen eben ist.<\/p>\n<p>Verwenden Sie ein <a href=\"https:\/\/www.theengineeringchoice.com\/what-is-spirit-level\/\" target=\"_blank\" rel=\"noopener\">Wasserwaage<\/a> um die Schwelle an mehreren Stellen zu pr\u00fcfen.<\/p>\n<p>Eventuelle Unebenheiten k\u00f6nnen Sie mit Unterlegkeilen (d\u00fcnnen Keilen) unter dem Fensterrahmen ausgleichen.<\/p>\n<p>Dies ist von entscheidender Bedeutung, um sicherzustellen, dass das Fenster reibungslos funktioniert und im Laufe der Zeit nicht h\u00e4ngen bleibt oder sich verstellt.<\/p>\n\n<h3 class=\"wp-block-heading\">Schritt 2: Platzieren Sie das Fenster im Rahmen<\/h3>\n\n<p><img decoding=\"async\" class=\"aligncenter wp-image-1363 size-medium\" title=\"Zwei M\u00e4nner in blauen Hemden und Overalls arbeiten flei\u00dfig an einem Fenster und stellen sicher, dass es richtig im Rahmen platziert ist\" src=\"https:\/\/aprowin.com\/wp-content\/uploads\/2024\/09\/Two-men-in-blue-shirts-and-overalls-are-diligently-working-on-a-window-ensuring-it-is-properly-placed-in-the-frame-500x333.webp\" alt=\"Zwei M\u00e4nner in blauen Hemden und Overalls arbeiten flei\u00dfig an einem Fenster und stellen sicher, dass es richtig im Rahmen platziert ist\" width=\"500\" height=\"333\" srcset=\"https:\/\/aprowin.com\/wp-content\/uploads\/2024\/09\/Two-men-in-blue-shirts-and-overalls-are-diligently-working-on-a-window-ensuring-it-is-properly-placed-in-the-frame-500x333.webp 500w, https:\/\/aprowin.com\/wp-content\/uploads\/2024\/09\/Two-men-in-blue-shirts-and-overalls-are-diligently-working-on-a-window-ensuring-it-is-properly-placed-in-the-frame-768x512.webp 768w, https:\/\/aprowin.com\/wp-content\/uploads\/2024\/09\/Two-men-in-blue-shirts-and-overalls-are-diligently-working-on-a-window-ensuring-it-is-properly-placed-in-the-frame.webp 1500w\" sizes=\"(max-width: 500px) 100vw, 500px\" \/><\/p>\n<p>Wenn die \u00d6ffnung waagerecht ausgerichtet ist, heben Sie das Fenster vorsichtig in den vorbereiteten Rahmen.<\/p>\n<p>Verwenden Sie unbedingt die<a href=\"https:\/\/oknoplast.us\/what-is-a-nail-flange-in-modern-windows\/\" target=\"_blank\" rel=\"noopener\"> Nagelflansch<\/a>, das, sofern nicht bereits vorgebogen, in einem 90-Grad-Winkel gebogen werden sollte.<\/p>\n<p>Der Flansch hilft, das Fenster an der Wand zu befestigen. Positionieren Sie das Fenster so, dass es fest im Rahmen sitzt, ohne es mit Gewalt anbringen zu m\u00fcssen.<\/p>\n<p>Durch die richtige Ausrichtung wird sichergestellt, dass sich das Fenster reibungslos \u00f6ffnen und schlie\u00dfen l\u00e4sst.<\/p>\n\n<ul class=\"wp-block-list\">\n<li><strong>Positionierungstipp<\/strong>: Lassen Sie sich von einer zweiten Person dabei helfen, das Fenster festzuhalten, damit es beim Vornehmen von Anpassungen nicht verrutscht.<\/li>\n\n<li><strong>Vermeidung von Fehlausrichtungen<\/strong>: \u00dcberpr\u00fcfen Sie die Ausrichtung des Fensters noch einmal mit einer Wasserwaage, nachdem Sie es in die \u00d6ffnung eingesetzt haben, um sicherzustellen, dass es zentriert und rechtwinklig ist.<\/li>\n<\/ul>\n\n<h3 class=\"wp-block-heading\">Schritt 3: Sichern Sie das Fenster mit N\u00e4geln<\/h3>\n\n<p><img decoding=\"async\" class=\"aligncenter wp-image-1364 size-medium\" title=\"Ein Mann im Overall repariert ein Fenster und befestigt es mit N\u00e4geln f\u00fcr Stabilit\u00e4t und Sicherheit\" src=\"https:\/\/aprowin.com\/wp-content\/uploads\/2024\/09\/A-man-in-overalls-repairs-a-window-securing-it-with-nails-for-stability-and-safety-500x333.webp\" alt=\"Ein Mann im Overall repariert ein Fenster und befestigt es mit N\u00e4geln f\u00fcr Stabilit\u00e4t und Sicherheit\" width=\"500\" height=\"333\" srcset=\"https:\/\/aprowin.com\/wp-content\/uploads\/2024\/09\/A-man-in-overalls-repairs-a-window-securing-it-with-nails-for-stability-and-safety-500x333.webp 500w, https:\/\/aprowin.com\/wp-content\/uploads\/2024\/09\/A-man-in-overalls-repairs-a-window-securing-it-with-nails-for-stability-and-safety-768x511.webp 768w, https:\/\/aprowin.com\/wp-content\/uploads\/2024\/09\/A-man-in-overalls-repairs-a-window-securing-it-with-nails-for-stability-and-safety.webp 1500w\" sizes=\"(max-width: 500px) 100vw, 500px\" \/><\/p>\n<p>Sichern Sie zun\u00e4chst die <a href=\"https:\/\/aprowin.com\/de\/hersteller-von-aluminiumfenstern\/\">Fenster<\/a> von oben. Schlagen Sie einen Nagel durch den Nagelflansch in der Mitte des oberen Flansches.<\/p>\n<p>Befestigen Sie das Fenster weiter, indem Sie von unten her N\u00e4gel in jedes zweite Loch entlang des Flansches schlagen.<\/p>\n<p>Stellen Sie sicher, dass das Fenster w\u00e4hrend des gesamten Vorgangs waagerecht bleibt, indem Sie es regelm\u00e4\u00dfig mit einer Wasserwaage \u00fcberpr\u00fcfen.<\/p>\n<p>Sobald best\u00e4tigt ist, dass das Fenster eben und rechtwinklig ist, befestigen Sie den Flansch mit N\u00e4geln durch die verbleibenden L\u00f6cher.<\/p>\n\n<h3 class=\"wp-block-heading\">Schritt 4: Zus\u00e4tzlichen Wetterschutz auftragen<\/h3>\n\n<p><img loading=\"lazy\" decoding=\"async\" class=\"aligncenter wp-image-1365 size-medium\" title=\"Ein Mann bedient ein Elektrowerkzeug, um ein Fenster zu reinigen und so f\u00fcr zus\u00e4tzlichen Wetterschutz zu sorgen.\" src=\"https:\/\/aprowin.com\/wp-content\/uploads\/2024\/09\/A-man-operates-a-power-tool-to-clean-a-window-ensuring-additional-weatherproofing-for-enhanced-protection-500x333.webp\" alt=\"Ein Mann bedient ein Elektrowerkzeug, um ein Fenster zu reinigen und so f\u00fcr zus\u00e4tzlichen Wetterschutz zu sorgen.\" width=\"500\" height=\"333\" srcset=\"https:\/\/aprowin.com\/wp-content\/uploads\/2024\/09\/A-man-operates-a-power-tool-to-clean-a-window-ensuring-additional-weatherproofing-for-enhanced-protection-500x333.webp 500w, https:\/\/aprowin.com\/wp-content\/uploads\/2024\/09\/A-man-operates-a-power-tool-to-clean-a-window-ensuring-additional-weatherproofing-for-enhanced-protection-768x512.webp 768w, https:\/\/aprowin.com\/wp-content\/uploads\/2024\/09\/A-man-operates-a-power-tool-to-clean-a-window-ensuring-additional-weatherproofing-for-enhanced-protection.webp 1500w\" sizes=\"(max-width: 500px) 100vw, 500px\" \/><\/p>\n<p>Um Undichtigkeiten zu vermeiden, verwenden Sie eine zus\u00e4tzliche Schicht Dichtung oder <a href=\"https:\/\/mpi-matco.com\/blog\/what-is-aluminum-tape-and-what-is-it-used-for\/\" target=\"_blank\" rel=\"noopener\">Aluminiumband<\/a> \u00fcber den oberen Nagelflansch und entlang der Seiten.<\/p>\n<p>Dadurch entsteht eine starke Versiegelung, die das Fenster vor Feuchtigkeit und Witterungseinfl\u00fcssen sch\u00fctzt.<\/p>\n<p>Achten Sie besonders auf die Oberseite, da hier die Wahrscheinlichkeit am gr\u00f6\u00dften ist, dass Wasser eindringt.<\/p>\n<p>Lassen Sie das Klebeband auf beiden Seiten leicht \u00fcberlappen, um sicherzustellen, dass keine L\u00fccken offen bleiben.<\/p>\n\n<h3 class=\"wp-block-heading\">Schritt 5: Innenausbau<\/h3>\n<p><img loading=\"lazy\" decoding=\"async\" class=\"aligncenter wp-image-1370 size-medium\" title=\"Ein Mann reinigt ein Fenster sorgf\u00e4ltig mit einem Abzieher und zeigt damit seine Liebe zum Detail bei Innenausbauarbeiten.\" src=\"https:\/\/aprowin.com\/wp-content\/uploads\/2024\/09\/A-man-meticulously-cleans-a-window-with-a-squeegee-showcasing-attention-to-detail-in-interior-finishing-work-500x333.webp\" alt=\"Ein Mann reinigt ein Fenster sorgf\u00e4ltig mit einem Abzieher und zeigt damit seine Liebe zum Detail bei Innenausbauarbeiten.\" width=\"500\" height=\"333\" srcset=\"https:\/\/aprowin.com\/wp-content\/uploads\/2024\/09\/A-man-meticulously-cleans-a-window-with-a-squeegee-showcasing-attention-to-detail-in-interior-finishing-work-500x333.webp 500w, https:\/\/aprowin.com\/wp-content\/uploads\/2024\/09\/A-man-meticulously-cleans-a-window-with-a-squeegee-showcasing-attention-to-detail-in-interior-finishing-work-768x512.webp 768w, https:\/\/aprowin.com\/wp-content\/uploads\/2024\/09\/A-man-meticulously-cleans-a-window-with-a-squeegee-showcasing-attention-to-detail-in-interior-finishing-work.webp 1500w\" sizes=\"(max-width: 500px) 100vw, 500px\" \/><\/p>\n\n<p>Sobald das Fenster sicher sitzt, k\u00f6nnen Sie mit dem Innenbereich fortfahren.<\/p>\n<p>Beginnen Sie mit der Montage der Zarge (des dekorativen Rahmens) um das Fenster.<\/p>\n<p>F\u00fcllen Sie eventuelle L\u00fccken zwischen Fensterrahmen und Wand mit <a href=\"https:\/\/aprowin.com\/de\/fiberglas-vs-aluminiumfenster\/\">Glasfaserisolierung <\/a>um die Energieeffizienz zu verbessern und Zugluft zu vermeiden.<\/p>\n<p>Installieren Sie die Fensterbeschl\u00e4ge wie Kurbeln, Scharniere und Schl\u00f6sser und stellen Sie sicher, dass alles reibungslos funktioniert.<\/p>\n\n<h3 class=\"wp-block-heading\">Schritt 6: Letzter Schliff<\/h3>\n\n<p><img loading=\"lazy\" decoding=\"async\" class=\"aligncenter wp-image-1369 size-medium\" title=\"Eine Person putzt sorgf\u00e4ltig ein Fenster mit einem gelben Lappen und verleiht ihm den letzten Schliff f\u00fcr ein makelloses Finish.\" src=\"https:\/\/aprowin.com\/wp-content\/uploads\/2024\/09\/A-person-meticulously-cleaning-a-window-with-a-yellow-rag-adding-the-final-touches-for-a-spotless-finish-500x333.webp\" alt=\"Eine Person putzt sorgf\u00e4ltig ein Fenster mit einem gelben Lappen und verleiht ihm den letzten Schliff f\u00fcr ein makelloses Finish.\" width=\"500\" height=\"333\" srcset=\"https:\/\/aprowin.com\/wp-content\/uploads\/2024\/09\/A-person-meticulously-cleaning-a-window-with-a-yellow-rag-adding-the-final-touches-for-a-spotless-finish-500x333.webp 500w, https:\/\/aprowin.com\/wp-content\/uploads\/2024\/09\/A-person-meticulously-cleaning-a-window-with-a-yellow-rag-adding-the-final-touches-for-a-spotless-finish-768x512.webp 768w, https:\/\/aprowin.com\/wp-content\/uploads\/2024\/09\/A-person-meticulously-cleaning-a-window-with-a-yellow-rag-adding-the-final-touches-for-a-spotless-finish.webp 1500w\" sizes=\"(max-width: 500px) 100vw, 500px\" \/><\/p>\n<p>Schlie\u00dfen Sie die Installation ab, indem Sie rund um das Fenster eine Au\u00dfenverkleidung anbringen, um das Aussehen zu vervollst\u00e4ndigen und die Kanten zu sch\u00fctzen.<\/p>\n<p>Verwenden<a href=\"https:\/\/www.homedepot.com\/c\/ab\/types-of-caulks-and-sealants-for-your-projects\/9ba683603be9fa5395fab90d0b119c3\" target=\"_blank\" rel=\"noopener\"> hochwertiges Dichtungsmittel<\/a> um alle verbleibenden L\u00fccken zwischen Fenster und Wand abzudichten, insbesondere an den Kanten der Verkleidung und des Rahmens.<\/p>\n<p>Dies verhindert das Eindringen von Wasser und sorgt f\u00fcr eine zus\u00e4tzliche Wetterfestigkeit.<\/p>\n<p>Streichen oder lackieren Sie abschlie\u00dfend die Zier- und Verkleidungsteile nach Bedarf, damit sie zum Rest des Hauses passen.<\/p>\n\t\t\t\t\t\t\t\t<\/div>\n\t\t\t\t<\/div>\n\t\t\t\t\t<\/div>\n\t\t\t\t<\/div>\n\t\t\t\t<\/div>","protected":false},"excerpt":{"rendered":"<p>Erfahren Sie mit unserer einfachen Schritt-f\u00fcr-Schritt-Anleitung, wie Sie Fl\u00fcgelfenster einbauen. Sorgen Sie noch heute f\u00fcr eine perfekte Passform, Wetterfestigkeit und Energieeffizienz f\u00fcr Ihr Zuhause!<\/p>","protected":false},"author":4,"featured_media":1296,"parent":0,"menu_order":0,"comment_status":"closed","ping_status":"closed","template":"elementor_theme","meta":{"_monsterinsights_skip_tracking":false,"_monsterinsights_sitenote_active":false,"_monsterinsights_sitenote_note":"","_monsterinsights_sitenote_category":0,"footnotes":""},"class_list":["post-1328","page","type-page","status-publish","has-post-thumbnail","hentry"],"aioseo_notices":[],"_links":{"self":[{"href":"https:\/\/aprowin.com\/de\/wp-json\/wp\/v2\/pages\/1328"}],"collection":[{"href":"https:\/\/aprowin.com\/de\/wp-json\/wp\/v2\/pages"}],"about":[{"href":"https:\/\/aprowin.com\/de\/wp-json\/wp\/v2\/types\/page"}],"author":[{"embeddable":true,"href":"https:\/\/aprowin.com\/de\/wp-json\/wp\/v2\/users\/4"}],"replies":[{"embeddable":true,"href":"https:\/\/aprowin.com\/de\/wp-json\/wp\/v2\/comments?post=1328"}],"version-history":[{"count":18,"href":"https:\/\/aprowin.com\/de\/wp-json\/wp\/v2\/pages\/1328\/revisions"}],"predecessor-version":[{"id":6945,"href":"https:\/\/aprowin.com\/de\/wp-json\/wp\/v2\/pages\/1328\/revisions\/6945"}],"wp:featuredmedia":[{"embeddable":true,"href":"https:\/\/aprowin.com\/de\/wp-json\/wp\/v2\/media\/1296"}],"wp:attachment":[{"href":"https:\/\/aprowin.com\/de\/wp-json\/wp\/v2\/media?parent=1328"}],"curies":[{"name":"wp","href":"https:\/\/api.w.org\/{rel}","templated":true}]}}