{"id":1328,"date":"2024-09-06T03:30:15","date_gmt":"2024-09-06T03:30:15","guid":{"rendered":"https:\/\/aprowin.com\/?page_id=1328"},"modified":"2024-12-25T08:38:09","modified_gmt":"2024-12-25T08:38:09","slug":"instalacion-de-ventana-abatible","status":"publish","type":"page","link":"https:\/\/aprowin.com\/es\/casement-window-installation\/","title":{"rendered":"Instalaci\u00f3n de ventanas abatibles: gu\u00eda paso a paso"},"content":{"rendered":"<div data-elementor-type=\"wp-page\" data-elementor-id=\"1328\" class=\"elementor elementor-1328\" data-elementor-post-type=\"page\">\n\t\t\t\t<div class=\"elementor-element elementor-element-12b62c6e e-flex e-con-boxed e-con e-parent\" data-id=\"12b62c6e\" data-element_type=\"container\">\n\t\t\t\t\t<div class=\"e-con-inner\">\n\t\t\t\t<div class=\"elementor-element elementor-element-68a74cb7 elementor-widget elementor-widget-text-editor\" data-id=\"68a74cb7\" data-element_type=\"widget\" data-widget_type=\"text-editor.default\">\n\t\t\t\t<div class=\"elementor-widget-container\">\n\t\t\t\t\t\t\t\t\t\n<p>Instalaci\u00f3n de un <a href=\"https:\/\/aprowin.com\/es\/ventana-abatible\/\">ventana abatible<\/a> Puede parecer un desaf\u00edo, pero si sigue estos pasos detallados, podr\u00e1 garantizar una instalaci\u00f3n sencilla y exitosa.<\/p>\n<p>Repasemos el proceso paso a paso.<\/p>\n\n<h3 class=\"wp-block-heading\">Paso 1: Nivele la abertura de la ventana con calzas<\/h3>\n<p><img fetchpriority=\"high\" decoding=\"async\" class=\"aligncenter wp-image-1362 size-medium\" title=\"Un hombre mide cuidadosamente el marco de una ventana asegur\u00e1ndose de que est\u00e9 nivelado con calzas para una instalaci\u00f3n precisa.\" src=\"https:\/\/aprowin.com\/wp-content\/uploads\/2024\/09\/A-man-carefully-measures-a-window-frame-ensuring-it-is-leveled-with-shims-for-accurate-installation-500x333.webp\" alt=\"Un hombre mide cuidadosamente el marco de una ventana asegur\u00e1ndose de que est\u00e9 nivelado con calzas para una instalaci\u00f3n precisa.\" width=\"500\" height=\"333\" srcset=\"https:\/\/aprowin.com\/wp-content\/uploads\/2024\/09\/A-man-carefully-measures-a-window-frame-ensuring-it-is-leveled-with-shims-for-accurate-installation-500x333.webp 500w, https:\/\/aprowin.com\/wp-content\/uploads\/2024\/09\/A-man-carefully-measures-a-window-frame-ensuring-it-is-leveled-with-shims-for-accurate-installation-768x512.webp 768w, https:\/\/aprowin.com\/wp-content\/uploads\/2024\/09\/A-man-carefully-measures-a-window-frame-ensuring-it-is-leveled-with-shims-for-accurate-installation.webp 1500w\" sizes=\"(max-width: 500px) 100vw, 500px\" \/><\/p>\n\n<p>Antes de colocar la ventana, aseg\u00farese de que el alf\u00e9izar est\u00e9 perfectamente nivelado.<\/p>\n<p>Utilice un <a href=\"https:\/\/www.theengineeringchoice.com\/what-is-spirit-level\/\" target=\"_blank\" rel=\"noopener\">nivel de burbuja<\/a> Para comprobar el umbral en varios puntos.<\/p>\n<p>Si hay \u00e1reas irregulares, coloque calzas (cu\u00f1as delgadas) debajo del marco de la ventana para nivelarlo.<\/p>\n<p>Esto es crucial para garantizar que la ventana funcione sin problemas y no se atasque ni se desalinee con el tiempo.<\/p>\n\n<h3 class=\"wp-block-heading\">Paso 2: Coloque la ventana en el marco<\/h3>\n\n<p><img decoding=\"async\" class=\"aligncenter wp-image-1363 size-medium\" title=\"Dos hombres con camisas azules y monos trabajan diligentemente en una ventana para asegurarse de que est\u00e9 colocada correctamente en el marco.\" src=\"https:\/\/aprowin.com\/wp-content\/uploads\/2024\/09\/Two-men-in-blue-shirts-and-overalls-are-diligently-working-on-a-window-ensuring-it-is-properly-placed-in-the-frame-500x333.webp\" alt=\"Dos hombres con camisas azules y monos trabajan diligentemente en una ventana para asegurarse de que est\u00e9 colocada correctamente en el marco.\" width=\"500\" height=\"333\" srcset=\"https:\/\/aprowin.com\/wp-content\/uploads\/2024\/09\/Two-men-in-blue-shirts-and-overalls-are-diligently-working-on-a-window-ensuring-it-is-properly-placed-in-the-frame-500x333.webp 500w, https:\/\/aprowin.com\/wp-content\/uploads\/2024\/09\/Two-men-in-blue-shirts-and-overalls-are-diligently-working-on-a-window-ensuring-it-is-properly-placed-in-the-frame-768x512.webp 768w, https:\/\/aprowin.com\/wp-content\/uploads\/2024\/09\/Two-men-in-blue-shirts-and-overalls-are-diligently-working-on-a-window-ensuring-it-is-properly-placed-in-the-frame.webp 1500w\" sizes=\"(max-width: 500px) 100vw, 500px\" \/><\/p>\n<p>Con la abertura nivelada, levante con cuidado la ventana dentro del marco preparado.<\/p>\n<p>Aseg\u00farese de utilizar el<a href=\"https:\/\/oknoplast.us\/what-is-a-nail-flange-in-modern-windows\/\" target=\"_blank\" rel=\"noopener\"> Brida de clavado<\/a>, que debe doblarse en un \u00e1ngulo de 90 grados si no est\u00e1 ya doblado previamente.<\/p>\n<p>La brida ayuda a fijar la ventana a la pared. Coloque la ventana de manera que quede ajustada en el marco sin forzarla.<\/p>\n<p>La alineaci\u00f3n adecuada garantiza que la ventana pueda abrirse y cerrarse sin fricci\u00f3n.<\/p>\n\n<ul class=\"wp-block-list\">\n<li><strong>Consejo de posicionamiento<\/strong>:P\u00eddale a otra persona que le ayude a sostener la ventana para evitar que se mueva mientras realiza ajustes.<\/li>\n\n<li><strong>C\u00f3mo evitar la desalineaci\u00f3n<\/strong>:Verifique nuevamente la alineaci\u00f3n de la ventana con un nivel una vez colocada en la abertura para asegurarse de que est\u00e9 centrada y en escuadra.<\/li>\n<\/ul>\n\n<h3 class=\"wp-block-heading\">Paso 3: Fije la ventana con clavos<\/h3>\n\n<p><img decoding=\"async\" class=\"aligncenter wp-image-1364 size-medium\" title=\"Un hombre con mono repara una ventana asegur\u00e1ndola con clavos para mayor estabilidad y seguridad.\" src=\"https:\/\/aprowin.com\/wp-content\/uploads\/2024\/09\/A-man-in-overalls-repairs-a-window-securing-it-with-nails-for-stability-and-safety-500x333.webp\" alt=\"Un hombre con mono repara una ventana asegur\u00e1ndola con clavos para mayor estabilidad y seguridad.\" width=\"500\" height=\"333\" srcset=\"https:\/\/aprowin.com\/wp-content\/uploads\/2024\/09\/A-man-in-overalls-repairs-a-window-securing-it-with-nails-for-stability-and-safety-500x333.webp 500w, https:\/\/aprowin.com\/wp-content\/uploads\/2024\/09\/A-man-in-overalls-repairs-a-window-securing-it-with-nails-for-stability-and-safety-768x511.webp 768w, https:\/\/aprowin.com\/wp-content\/uploads\/2024\/09\/A-man-in-overalls-repairs-a-window-securing-it-with-nails-for-stability-and-safety.webp 1500w\" sizes=\"(max-width: 500px) 100vw, 500px\" \/><\/p>\n<p>Comience por asegurar el <a href=\"https:\/\/aprowin.com\/es\/fabricante-de-ventanas-de-aluminio\/\">ventana<\/a> Desde arriba. Coloque un clavo a trav\u00e9s de la brida de clavado en el centro de la brida superior.<\/p>\n<p>Contin\u00fae asegurando la ventana colocando clavos en cada uno de los orificios a lo largo de la brida, avanzando hacia abajo.<\/p>\n<p>Aseg\u00farese de que la ventana permanezca nivelada durante todo el proceso revis\u00e1ndola peri\u00f3dicamente con un nivel.<\/p>\n<p>Una vez que se confirme que la ventana est\u00e1 nivelada y cuadrada, clave a trav\u00e9s de los agujeros restantes para asegurar la brida por completo.<\/p>\n\n<h3 class=\"wp-block-heading\">Paso 4: Aplicar impermeabilizaci\u00f3n adicional<\/h3>\n\n<p><img loading=\"lazy\" decoding=\"async\" class=\"aligncenter wp-image-1365 size-medium\" title=\"Un hombre opera una herramienta el\u00e9ctrica para limpiar una ventana, lo que garantiza una impermeabilizaci\u00f3n adicional para una mayor protecci\u00f3n.\" src=\"https:\/\/aprowin.com\/wp-content\/uploads\/2024\/09\/A-man-operates-a-power-tool-to-clean-a-window-ensuring-additional-weatherproofing-for-enhanced-protection-500x333.webp\" alt=\"Un hombre opera una herramienta el\u00e9ctrica para limpiar una ventana, lo que garantiza una impermeabilizaci\u00f3n adicional para una mayor protecci\u00f3n.\" width=\"500\" height=\"333\" srcset=\"https:\/\/aprowin.com\/wp-content\/uploads\/2024\/09\/A-man-operates-a-power-tool-to-clean-a-window-ensuring-additional-weatherproofing-for-enhanced-protection-500x333.webp 500w, https:\/\/aprowin.com\/wp-content\/uploads\/2024\/09\/A-man-operates-a-power-tool-to-clean-a-window-ensuring-additional-weatherproofing-for-enhanced-protection-768x512.webp 768w, https:\/\/aprowin.com\/wp-content\/uploads\/2024\/09\/A-man-operates-a-power-tool-to-clean-a-window-ensuring-additional-weatherproofing-for-enhanced-protection.webp 1500w\" sizes=\"(max-width: 500px) 100vw, 500px\" \/><\/p>\n<p>Para evitar fugas, aplique una capa adicional de junta o <a href=\"https:\/\/mpi-matco.com\/blog\/what-is-aluminum-tape-and-what-is-it-used-for\/\" target=\"_blank\" rel=\"noopener\">cinta de aluminio<\/a> sobre la brida de clavado superior y a lo largo de los lados.<\/p>\n<p>Esto crea un sello fuerte que protege la ventana de la humedad y el clima.<\/p>\n<p>Preste especial atenci\u00f3n a la parte superior, ya que es m\u00e1s probable que entre agua por esta zona.<\/p>\n<p>Superponga la cinta ligeramente en cada lado para asegurarse de que no queden espacios expuestos.<\/p>\n\n<h3 class=\"wp-block-heading\">Paso 5: Acabado interior<\/h3>\n<p><img loading=\"lazy\" decoding=\"async\" class=\"aligncenter wp-image-1370 size-medium\" title=\"Un hombre limpia meticulosamente una ventana con una escobilla de goma, lo que demuestra la atenci\u00f3n al detalle en el trabajo de acabado interior.\" src=\"https:\/\/aprowin.com\/wp-content\/uploads\/2024\/09\/A-man-meticulously-cleans-a-window-with-a-squeegee-showcasing-attention-to-detail-in-interior-finishing-work-500x333.webp\" alt=\"Un hombre limpia meticulosamente una ventana con una escobilla de goma, lo que demuestra la atenci\u00f3n al detalle en el trabajo de acabado interior.\" width=\"500\" height=\"333\" srcset=\"https:\/\/aprowin.com\/wp-content\/uploads\/2024\/09\/A-man-meticulously-cleans-a-window-with-a-squeegee-showcasing-attention-to-detail-in-interior-finishing-work-500x333.webp 500w, https:\/\/aprowin.com\/wp-content\/uploads\/2024\/09\/A-man-meticulously-cleans-a-window-with-a-squeegee-showcasing-attention-to-detail-in-interior-finishing-work-768x512.webp 768w, https:\/\/aprowin.com\/wp-content\/uploads\/2024\/09\/A-man-meticulously-cleans-a-window-with-a-squeegee-showcasing-attention-to-detail-in-interior-finishing-work.webp 1500w\" sizes=\"(max-width: 500px) 100vw, 500px\" \/><\/p>\n\n<p>Una vez que la ventana est\u00e9 bien colocada en su lugar, pase al interior.<\/p>\n<p>Comience instalando la carcasa (el marco decorativo) alrededor de la ventana.<\/p>\n<p>Rellene los espacios entre el marco de la ventana y la pared con <a href=\"https:\/\/aprowin.com\/es\/ventanas-de-fibra-de-vidrio-vs-ventanas-de-aluminio\/\">aislamiento de fibra de vidrio <\/a>para mejorar la eficiencia energ\u00e9tica y evitar corrientes de aire.<\/p>\n<p>Instale los herrajes de la ventana, como manivelas, bisagras y cerraduras, asegur\u00e1ndose de que todo funcione sin problemas.<\/p>\n\n<h3 class=\"wp-block-heading\">Paso 6: Toques finales<\/h3>\n\n<p><img loading=\"lazy\" decoding=\"async\" class=\"aligncenter wp-image-1369 size-medium\" title=\"Una persona limpiando meticulosamente una ventana con un trapo amarillo agregando los toques finales para un acabado impecable.\" src=\"https:\/\/aprowin.com\/wp-content\/uploads\/2024\/09\/A-person-meticulously-cleaning-a-window-with-a-yellow-rag-adding-the-final-touches-for-a-spotless-finish-500x333.webp\" alt=\"Una persona limpiando meticulosamente una ventana con un trapo amarillo agregando los toques finales para un acabado impecable.\" width=\"500\" height=\"333\" srcset=\"https:\/\/aprowin.com\/wp-content\/uploads\/2024\/09\/A-person-meticulously-cleaning-a-window-with-a-yellow-rag-adding-the-final-touches-for-a-spotless-finish-500x333.webp 500w, https:\/\/aprowin.com\/wp-content\/uploads\/2024\/09\/A-person-meticulously-cleaning-a-window-with-a-yellow-rag-adding-the-final-touches-for-a-spotless-finish-768x512.webp 768w, https:\/\/aprowin.com\/wp-content\/uploads\/2024\/09\/A-person-meticulously-cleaning-a-window-with-a-yellow-rag-adding-the-final-touches-for-a-spotless-finish.webp 1500w\" sizes=\"(max-width: 500px) 100vw, 500px\" \/><\/p>\n<p>Termine la instalaci\u00f3n aplicando molduras exteriores alrededor de la ventana para completar el aspecto y proteger los bordes.<\/p>\n<p>Usar<a href=\"https:\/\/www.homedepot.com\/c\/ab\/types-of-caulks-and-sealants-for-your-projects\/9ba683603be9fa5395fab90d0b119c3\" target=\"_blank\" rel=\"noopener\"> masilla de alta calidad<\/a> para sellar cualquier espacio restante entre la ventana y la pared, particularmente alrededor de los bordes de la moldura y el marco.<\/p>\n<p>Esto evita la infiltraci\u00f3n de agua y agrega otra capa de impermeabilizaci\u00f3n.<\/p>\n<p>Por \u00faltimo, pinte o termine las molduras y los marcos seg\u00fan sea necesario para que combinen con el resto de la casa.<\/p>\n\t\t\t\t\t\t\t\t<\/div>\n\t\t\t\t<\/div>\n\t\t\t\t\t<\/div>\n\t\t\t\t<\/div>\n\t\t\t\t<\/div>","protected":false},"excerpt":{"rendered":"<p>Aprenda a instalar ventanas abatibles con nuestra sencilla gu\u00eda paso a paso. \u00a1Asegure hoy mismo un ajuste perfecto, protecci\u00f3n contra la intemperie y eficiencia energ\u00e9tica para su hogar!<\/p>","protected":false},"author":4,"featured_media":1296,"parent":0,"menu_order":0,"comment_status":"closed","ping_status":"closed","template":"elementor_theme","meta":{"_monsterinsights_skip_tracking":false,"_monsterinsights_sitenote_active":false,"_monsterinsights_sitenote_note":"","_monsterinsights_sitenote_category":0,"footnotes":""},"class_list":["post-1328","page","type-page","status-publish","has-post-thumbnail","hentry"],"aioseo_notices":[],"_links":{"self":[{"href":"https:\/\/aprowin.com\/es\/wp-json\/wp\/v2\/pages\/1328"}],"collection":[{"href":"https:\/\/aprowin.com\/es\/wp-json\/wp\/v2\/pages"}],"about":[{"href":"https:\/\/aprowin.com\/es\/wp-json\/wp\/v2\/types\/page"}],"author":[{"embeddable":true,"href":"https:\/\/aprowin.com\/es\/wp-json\/wp\/v2\/users\/4"}],"replies":[{"embeddable":true,"href":"https:\/\/aprowin.com\/es\/wp-json\/wp\/v2\/comments?post=1328"}],"version-history":[{"count":18,"href":"https:\/\/aprowin.com\/es\/wp-json\/wp\/v2\/pages\/1328\/revisions"}],"predecessor-version":[{"id":6945,"href":"https:\/\/aprowin.com\/es\/wp-json\/wp\/v2\/pages\/1328\/revisions\/6945"}],"wp:featuredmedia":[{"embeddable":true,"href":"https:\/\/aprowin.com\/es\/wp-json\/wp\/v2\/media\/1296"}],"wp:attachment":[{"href":"https:\/\/aprowin.com\/es\/wp-json\/wp\/v2\/media?parent=1328"}],"curies":[{"name":"Gracias","href":"https:\/\/api.w.org\/{rel}","templated":true}]}}