{"id":1328,"date":"2024-09-06T03:30:15","date_gmt":"2024-09-06T03:30:15","guid":{"rendered":"https:\/\/aprowin.com\/?page_id=1328"},"modified":"2024-12-25T08:38:09","modified_gmt":"2024-12-25T08:38:09","slug":"installation-de-fenetre-a-battant","status":"publish","type":"page","link":"https:\/\/aprowin.com\/fr\/installation-de-fenetre-a-battant\/","title":{"rendered":"Installation de fen\u00eatres \u00e0 battants : guide \u00e9tape par \u00e9tape"},"content":{"rendered":"<div data-elementor-type=\"wp-page\" data-elementor-id=\"1328\" class=\"elementor elementor-1328\" data-elementor-post-type=\"page\">\n\t\t\t\t<div class=\"elementor-element elementor-element-12b62c6e e-flex e-con-boxed e-con e-parent\" data-id=\"12b62c6e\" data-element_type=\"container\">\n\t\t\t\t\t<div class=\"e-con-inner\">\n\t\t\t\t<div class=\"elementor-element elementor-element-68a74cb7 elementor-widget elementor-widget-text-editor\" data-id=\"68a74cb7\" data-element_type=\"widget\" data-widget_type=\"text-editor.default\">\n\t\t\t\t<div class=\"elementor-widget-container\">\n\t\t\t\t\t\t\t\t\t\n<p>Installation d&#039;un <a href=\"https:\/\/aprowin.com\/fr\/fenetre-a-battant\/\">fen\u00eatre \u00e0 battant<\/a> Cela peut sembler difficile, mais en suivant ces \u00e9tapes d\u00e9taill\u00e9es, vous pouvez garantir une installation fluide et r\u00e9ussie.<\/p>\n<p>Examinons le processus \u00e9tape par \u00e9tape.<\/p>\n\n<h3 class=\"wp-block-heading\">\u00c9tape 1 : Niveler l&#039;ouverture de la fen\u00eatre avec des cales<\/h3>\n<p><img fetchpriority=\"high\" decoding=\"async\" class=\"aligncenter wp-image-1362 size-medium\" title=\"Un homme mesure soigneusement un cadre de fen\u00eatre en s&#039;assurant qu&#039;il est de niveau avec des cales pour une installation pr\u00e9cise\" src=\"https:\/\/aprowin.com\/wp-content\/uploads\/2024\/09\/A-man-carefully-measures-a-window-frame-ensuring-it-is-leveled-with-shims-for-accurate-installation-500x333.webp\" alt=\"Un homme mesure soigneusement un cadre de fen\u00eatre en s&#039;assurant qu&#039;il est de niveau avec des cales pour une installation pr\u00e9cise\" width=\"500\" height=\"333\" srcset=\"https:\/\/aprowin.com\/wp-content\/uploads\/2024\/09\/A-man-carefully-measures-a-window-frame-ensuring-it-is-leveled-with-shims-for-accurate-installation-500x333.webp 500w, https:\/\/aprowin.com\/wp-content\/uploads\/2024\/09\/A-man-carefully-measures-a-window-frame-ensuring-it-is-leveled-with-shims-for-accurate-installation-768x512.webp 768w, https:\/\/aprowin.com\/wp-content\/uploads\/2024\/09\/A-man-carefully-measures-a-window-frame-ensuring-it-is-leveled-with-shims-for-accurate-installation.webp 1500w\" sizes=\"(max-width: 500px) 100vw, 500px\" \/><\/p>\n\n<p>Avant de placer la fen\u00eatre, assurez-vous que le rebord est parfaitement de niveau.<\/p>\n<p>Utilisez un <a href=\"https:\/\/www.theengineeringchoice.com\/what-is-spirit-level\/\" target=\"_blank\" rel=\"noopener\">niveau \u00e0 bulle<\/a> pour v\u00e9rifier le seuil \u00e0 plusieurs points.<\/p>\n<p>S&#039;il y a des zones in\u00e9gales, placez des cales (cales fines) sous le cadre de la fen\u00eatre pour le niveler.<\/p>\n<p>Cela est essentiel pour garantir que la fen\u00eatre fonctionne correctement et ne se coince pas ou ne se d\u00e9saligne pas au fil du temps.<\/p>\n\n<h3 class=\"wp-block-heading\">\u00c9tape 2 : Placez la fen\u00eatre dans le cadre<\/h3>\n\n<p><img decoding=\"async\" class=\"aligncenter wp-image-1363 size-medium\" title=\"Deux hommes en chemises bleues et salopettes travaillent avec diligence sur une fen\u00eatre pour s&#039;assurer qu&#039;elle est correctement plac\u00e9e dans le cadre\" src=\"https:\/\/aprowin.com\/wp-content\/uploads\/2024\/09\/Two-men-in-blue-shirts-and-overalls-are-diligently-working-on-a-window-ensuring-it-is-properly-placed-in-the-frame-500x333.webp\" alt=\"Deux hommes en chemises bleues et salopettes travaillent avec diligence sur une fen\u00eatre pour s&#039;assurer qu&#039;elle est correctement plac\u00e9e dans le cadre\" width=\"500\" height=\"333\" srcset=\"https:\/\/aprowin.com\/wp-content\/uploads\/2024\/09\/Two-men-in-blue-shirts-and-overalls-are-diligently-working-on-a-window-ensuring-it-is-properly-placed-in-the-frame-500x333.webp 500w, https:\/\/aprowin.com\/wp-content\/uploads\/2024\/09\/Two-men-in-blue-shirts-and-overalls-are-diligently-working-on-a-window-ensuring-it-is-properly-placed-in-the-frame-768x512.webp 768w, https:\/\/aprowin.com\/wp-content\/uploads\/2024\/09\/Two-men-in-blue-shirts-and-overalls-are-diligently-working-on-a-window-ensuring-it-is-properly-placed-in-the-frame.webp 1500w\" sizes=\"(max-width: 500px) 100vw, 500px\" \/><\/p>\n<p>Une fois l\u2019ouverture nivel\u00e9e, soulevez soigneusement la fen\u00eatre dans le cadre pr\u00e9par\u00e9.<\/p>\n<p>Assurez-vous d&#039;utiliser le<a href=\"https:\/\/oknoplast.us\/what-is-a-nail-flange-in-modern-windows\/\" target=\"_blank\" rel=\"noopener\"> bride de clouage<\/a>, qui doit \u00eatre pli\u00e9 \u00e0 un angle de 90 degr\u00e9s s&#039;il n&#039;est pas d\u00e9j\u00e0 pr\u00e9-pli\u00e9.<\/p>\n<p>La bride permet de fixer la fen\u00eatre au mur. Positionnez la fen\u00eatre de mani\u00e8re \u00e0 ce qu&#039;elle soit bien ajust\u00e9e dans le cadre sans forcer pour la mettre en place.<\/p>\n<p>Un alignement correct garantit que la fen\u00eatre peut s&#039;ouvrir et se fermer sans frottement.<\/p>\n\n<ul class=\"wp-block-list\">\n<li><strong>Astuce de positionnement<\/strong>:Demandez \u00e0 une deuxi\u00e8me personne de vous aider \u00e0 maintenir la fen\u00eatre pour \u00e9viter qu&#039;elle ne bouge pendant que vous effectuez les r\u00e9glages.<\/li>\n\n<li><strong>\u00c9viter le d\u00e9salignement<\/strong>:V\u00e9rifiez l&#039;alignement de la fen\u00eatre avec un niveau une fois plac\u00e9 dans l&#039;ouverture pour vous assurer qu&#039;elle est centr\u00e9e et carr\u00e9e.<\/li>\n<\/ul>\n\n<h3 class=\"wp-block-heading\">\u00c9tape 3 : Fixez la fen\u00eatre avec des clous<\/h3>\n\n<p><img decoding=\"async\" class=\"aligncenter wp-image-1364 size-medium\" title=\"Un homme en salopette r\u00e9pare une fen\u00eatre en la fixant avec des clous pour plus de stabilit\u00e9 et de s\u00e9curit\u00e9\" src=\"https:\/\/aprowin.com\/wp-content\/uploads\/2024\/09\/A-man-in-overalls-repairs-a-window-securing-it-with-nails-for-stability-and-safety-500x333.webp\" alt=\"Un homme en salopette r\u00e9pare une fen\u00eatre en la fixant avec des clous pour plus de stabilit\u00e9 et de s\u00e9curit\u00e9\" width=\"500\" height=\"333\" srcset=\"https:\/\/aprowin.com\/wp-content\/uploads\/2024\/09\/A-man-in-overalls-repairs-a-window-securing-it-with-nails-for-stability-and-safety-500x333.webp 500w, https:\/\/aprowin.com\/wp-content\/uploads\/2024\/09\/A-man-in-overalls-repairs-a-window-securing-it-with-nails-for-stability-and-safety-768x511.webp 768w, https:\/\/aprowin.com\/wp-content\/uploads\/2024\/09\/A-man-in-overalls-repairs-a-window-securing-it-with-nails-for-stability-and-safety.webp 1500w\" sizes=\"(max-width: 500px) 100vw, 500px\" \/><\/p>\n<p>Commencez par s\u00e9curiser le <a href=\"https:\/\/aprowin.com\/fr\/fabricant-de-fenetres-en-aluminium\/\">fen\u00eatre<\/a> depuis le haut. Enfoncez un clou dans la bride de clouage au centre de la bride sup\u00e9rieure.<\/p>\n<p>Continuez \u00e0 fixer la fen\u00eatre en pla\u00e7ant des clous dans chaque autre trou le long de la bride, en travaillant vers le bas.<\/p>\n<p>Assurez-vous que la fen\u00eatre reste de niveau tout au long du processus en v\u00e9rifiant p\u00e9riodiquement avec un niveau.<\/p>\n<p>Une fois que la fen\u00eatre est confirm\u00e9e comme \u00e9tant de niveau et d&#039;\u00e9querre, clouez dans les trous restants pour fixer compl\u00e8tement la bride.<\/p>\n\n<h3 class=\"wp-block-heading\">\u00c9tape 4 : Appliquer une protection suppl\u00e9mentaire contre les intemp\u00e9ries<\/h3>\n\n<p><img loading=\"lazy\" decoding=\"async\" class=\"aligncenter wp-image-1365 size-medium\" title=\"Un homme utilise un outil \u00e9lectrique pour nettoyer une fen\u00eatre, assurant ainsi une \u00e9tanch\u00e9it\u00e9 suppl\u00e9mentaire pour une protection renforc\u00e9e\" src=\"https:\/\/aprowin.com\/wp-content\/uploads\/2024\/09\/A-man-operates-a-power-tool-to-clean-a-window-ensuring-additional-weatherproofing-for-enhanced-protection-500x333.webp\" alt=\"Un homme utilise un outil \u00e9lectrique pour nettoyer une fen\u00eatre, assurant ainsi une \u00e9tanch\u00e9it\u00e9 suppl\u00e9mentaire pour une protection renforc\u00e9e\" width=\"500\" height=\"333\" srcset=\"https:\/\/aprowin.com\/wp-content\/uploads\/2024\/09\/A-man-operates-a-power-tool-to-clean-a-window-ensuring-additional-weatherproofing-for-enhanced-protection-500x333.webp 500w, https:\/\/aprowin.com\/wp-content\/uploads\/2024\/09\/A-man-operates-a-power-tool-to-clean-a-window-ensuring-additional-weatherproofing-for-enhanced-protection-768x512.webp 768w, https:\/\/aprowin.com\/wp-content\/uploads\/2024\/09\/A-man-operates-a-power-tool-to-clean-a-window-ensuring-additional-weatherproofing-for-enhanced-protection.webp 1500w\" sizes=\"(max-width: 500px) 100vw, 500px\" \/><\/p>\n<p>Pour \u00e9viter les fuites, appliquez une couche suppl\u00e9mentaire de joint ou <a href=\"https:\/\/mpi-matco.com\/blog\/what-is-aluminum-tape-and-what-is-it-used-for\/\" target=\"_blank\" rel=\"noopener\">ruban d&#039;aluminium<\/a> sur la bride de clouage sup\u00e9rieure et le long des c\u00f4t\u00e9s.<\/p>\n<p>Cela cr\u00e9e un joint solide qui prot\u00e8ge la fen\u00eatre de l\u2019humidit\u00e9 et des intemp\u00e9ries.<\/p>\n<p>Portez une attention particuli\u00e8re au sommet, car c&#039;est par cette zone que l&#039;eau est le plus susceptible de p\u00e9n\u00e9trer.<\/p>\n<p>Superposez l\u00e9g\u00e8rement le ruban adh\u00e9sif de chaque c\u00f4t\u00e9 pour vous assurer qu&#039;aucun espace ne soit laiss\u00e9 expos\u00e9.<\/p>\n\n<h3 class=\"wp-block-heading\">\u00c9tape 5 : Finition int\u00e9rieure<\/h3>\n<p><img loading=\"lazy\" decoding=\"async\" class=\"aligncenter wp-image-1370 size-medium\" title=\"Un homme nettoie m\u00e9ticuleusement une fen\u00eatre avec une raclette, ce qui t\u00e9moigne de l&#039;attention port\u00e9e aux d\u00e9tails dans les travaux de finition int\u00e9rieure\" src=\"https:\/\/aprowin.com\/wp-content\/uploads\/2024\/09\/A-man-meticulously-cleans-a-window-with-a-squeegee-showcasing-attention-to-detail-in-interior-finishing-work-500x333.webp\" alt=\"Un homme nettoie m\u00e9ticuleusement une fen\u00eatre avec une raclette, ce qui t\u00e9moigne de l&#039;attention port\u00e9e aux d\u00e9tails dans les travaux de finition int\u00e9rieure\" width=\"500\" height=\"333\" srcset=\"https:\/\/aprowin.com\/wp-content\/uploads\/2024\/09\/A-man-meticulously-cleans-a-window-with-a-squeegee-showcasing-attention-to-detail-in-interior-finishing-work-500x333.webp 500w, https:\/\/aprowin.com\/wp-content\/uploads\/2024\/09\/A-man-meticulously-cleans-a-window-with-a-squeegee-showcasing-attention-to-detail-in-interior-finishing-work-768x512.webp 768w, https:\/\/aprowin.com\/wp-content\/uploads\/2024\/09\/A-man-meticulously-cleans-a-window-with-a-squeegee-showcasing-attention-to-detail-in-interior-finishing-work.webp 1500w\" sizes=\"(max-width: 500px) 100vw, 500px\" \/><\/p>\n\n<p>Une fois la fen\u00eatre bien en place, passez \u00e0 l&#039;int\u00e9rieur.<\/p>\n<p>Commencez par installer le cadrage (le cadre d\u00e9coratif) autour de la fen\u00eatre.<\/p>\n<p>Remplissez tous les espaces entre le cadre de la fen\u00eatre et le mur avec <a href=\"https:\/\/aprowin.com\/fr\/fenetres-en-fibre-de-verre-ou-en-aluminium\/\">isolation en fibre de verre <\/a>pour am\u00e9liorer l&#039;efficacit\u00e9 \u00e9nerg\u00e9tique et \u00e9viter les courants d&#039;air.<\/p>\n<p>Installez le mat\u00e9riel de la fen\u00eatre, comme les manivelles, les charni\u00e8res et les serrures, en vous assurant que tout fonctionne correctement.<\/p>\n\n<h3 class=\"wp-block-heading\">\u00c9tape 6 : Touches finales<\/h3>\n\n<p><img loading=\"lazy\" decoding=\"async\" class=\"aligncenter wp-image-1369 size-medium\" title=\"Une personne nettoyant m\u00e9ticuleusement une fen\u00eatre avec un chiffon jaune ajoutant la touche finale pour une finition impeccable\" src=\"https:\/\/aprowin.com\/wp-content\/uploads\/2024\/09\/A-person-meticulously-cleaning-a-window-with-a-yellow-rag-adding-the-final-touches-for-a-spotless-finish-500x333.webp\" alt=\"Une personne nettoyant m\u00e9ticuleusement une fen\u00eatre avec un chiffon jaune ajoutant la touche finale pour une finition impeccable\" width=\"500\" height=\"333\" srcset=\"https:\/\/aprowin.com\/wp-content\/uploads\/2024\/09\/A-person-meticulously-cleaning-a-window-with-a-yellow-rag-adding-the-final-touches-for-a-spotless-finish-500x333.webp 500w, https:\/\/aprowin.com\/wp-content\/uploads\/2024\/09\/A-person-meticulously-cleaning-a-window-with-a-yellow-rag-adding-the-final-touches-for-a-spotless-finish-768x512.webp 768w, https:\/\/aprowin.com\/wp-content\/uploads\/2024\/09\/A-person-meticulously-cleaning-a-window-with-a-yellow-rag-adding-the-final-touches-for-a-spotless-finish.webp 1500w\" sizes=\"(max-width: 500px) 100vw, 500px\" \/><\/p>\n<p>Terminez l\u2019installation en appliquant une garniture ext\u00e9rieure autour de la fen\u00eatre pour compl\u00e9ter l\u2019apparence et prot\u00e9ger les bords.<\/p>\n<p>Utiliser<a href=\"https:\/\/www.homedepot.com\/c\/ab\/types-of-caulks-and-sealants-for-your-projects\/9ba683603be9fa5395fab90d0b119c3\" target=\"_blank\" rel=\"noopener\"> mastic de haute qualit\u00e9<\/a> pour sceller les espaces restants entre la fen\u00eatre et le mur, en particulier autour des bords de la garniture et du cadre.<\/p>\n<p>Cela emp\u00eache l\u2019infiltration d\u2019eau et ajoute une autre couche d\u2019\u00e9tanch\u00e9it\u00e9.<\/p>\n<p>Enfin, peignez ou finissez les garnitures et le bo\u00eetier selon vos besoins pour qu&#039;ils correspondent au reste de la maison.<\/p>\n\t\t\t\t\t\t\t\t<\/div>\n\t\t\t\t<\/div>\n\t\t\t\t\t<\/div>\n\t\t\t\t<\/div>\n\t\t\t\t<\/div>","protected":false},"excerpt":{"rendered":"<p>Apprenez \u00e0 installer des fen\u00eatres \u00e0 battants gr\u00e2ce \u00e0 notre guide \u00e9tape par \u00e9tape. Assurez d\u00e8s aujourd&#039;hui un ajustement parfait, une \u00e9tanch\u00e9it\u00e9 parfaite et une efficacit\u00e9 \u00e9nerg\u00e9tique pour votre maison !<\/p>","protected":false},"author":4,"featured_media":1296,"parent":0,"menu_order":0,"comment_status":"closed","ping_status":"closed","template":"elementor_theme","meta":{"_monsterinsights_skip_tracking":false,"_monsterinsights_sitenote_active":false,"_monsterinsights_sitenote_note":"","_monsterinsights_sitenote_category":0,"footnotes":""},"class_list":["post-1328","page","type-page","status-publish","has-post-thumbnail","hentry"],"aioseo_notices":[],"_links":{"self":[{"href":"https:\/\/aprowin.com\/fr\/wp-json\/wp\/v2\/pages\/1328"}],"collection":[{"href":"https:\/\/aprowin.com\/fr\/wp-json\/wp\/v2\/pages"}],"about":[{"href":"https:\/\/aprowin.com\/fr\/wp-json\/wp\/v2\/types\/page"}],"author":[{"embeddable":true,"href":"https:\/\/aprowin.com\/fr\/wp-json\/wp\/v2\/users\/4"}],"replies":[{"embeddable":true,"href":"https:\/\/aprowin.com\/fr\/wp-json\/wp\/v2\/comments?post=1328"}],"version-history":[{"count":18,"href":"https:\/\/aprowin.com\/fr\/wp-json\/wp\/v2\/pages\/1328\/revisions"}],"predecessor-version":[{"id":6945,"href":"https:\/\/aprowin.com\/fr\/wp-json\/wp\/v2\/pages\/1328\/revisions\/6945"}],"wp:featuredmedia":[{"embeddable":true,"href":"https:\/\/aprowin.com\/fr\/wp-json\/wp\/v2\/media\/1296"}],"wp:attachment":[{"href":"https:\/\/aprowin.com\/fr\/wp-json\/wp\/v2\/media?parent=1328"}],"curies":[{"name":"wp","href":"https:\/\/api.w.org\/{rel}","templated":true}]}}