{"id":1328,"date":"2024-09-06T03:30:15","date_gmt":"2024-09-06T03:30:15","guid":{"rendered":"https:\/\/aprowin.com\/?page_id=1328"},"modified":"2024-12-25T08:38:09","modified_gmt":"2024-12-25T08:38:09","slug":"installazione-finestra-a-battente","status":"publish","type":"page","link":"https:\/\/aprowin.com\/it\/casement-window-installation\/","title":{"rendered":"Installazione di finestre a battente: guida passo passo"},"content":{"rendered":"<div data-elementor-type=\"wp-page\" data-elementor-id=\"1328\" class=\"elementor elementor-1328\" data-elementor-post-type=\"page\">\n\t\t\t\t<div class=\"elementor-element elementor-element-12b62c6e e-flex e-con-boxed e-con e-parent\" data-id=\"12b62c6e\" data-element_type=\"container\">\n\t\t\t\t\t<div class=\"e-con-inner\">\n\t\t\t\t<div class=\"elementor-element elementor-element-68a74cb7 elementor-widget elementor-widget-text-editor\" data-id=\"68a74cb7\" data-element_type=\"widget\" data-widget_type=\"text-editor.default\">\n\t\t\t\t<div class=\"elementor-widget-container\">\n\t\t\t\t\t\t\t\t\t\n<p>Installazione di un <a href=\"https:\/\/aprowin.com\/it\/finestra-a-battente\/\">finestra a battente<\/a> potrebbe sembrare impegnativo, ma seguendo questi passaggi dettagliati, puoi garantire un&#039;installazione fluida e riuscita.<\/p>\n<p>Vediamo insieme il procedimento passo dopo passo.<\/p>\n\n<h3 class=\"wp-block-heading\">Fase 1: livellare l&#039;apertura della finestra con i distanziali<\/h3>\n<p><img fetchpriority=\"high\" decoding=\"async\" class=\"aligncenter wp-image-1362 size-medium\" title=\"Un uomo misura attentamente il telaio di una finestra assicurandosi che sia livellato con dei cunei per un&#039;installazione accurata\" src=\"https:\/\/aprowin.com\/wp-content\/uploads\/2024\/09\/A-man-carefully-measures-a-window-frame-ensuring-it-is-leveled-with-shims-for-accurate-installation-500x333.webp\" alt=\"Un uomo misura attentamente il telaio di una finestra assicurandosi che sia livellato con dei cunei per un&#039;installazione accurata\" width=\"500\" height=\"333\" srcset=\"https:\/\/aprowin.com\/wp-content\/uploads\/2024\/09\/A-man-carefully-measures-a-window-frame-ensuring-it-is-leveled-with-shims-for-accurate-installation-500x333.webp 500w, https:\/\/aprowin.com\/wp-content\/uploads\/2024\/09\/A-man-carefully-measures-a-window-frame-ensuring-it-is-leveled-with-shims-for-accurate-installation-768x512.webp 768w, https:\/\/aprowin.com\/wp-content\/uploads\/2024\/09\/A-man-carefully-measures-a-window-frame-ensuring-it-is-leveled-with-shims-for-accurate-installation.webp 1500w\" sizes=\"(max-width: 500px) 100vw, 500px\" \/><\/p>\n\n<p>Prima di posizionare la finestra, assicurarsi che il davanzale sia perfettamente livellato.<\/p>\n<p>Utilizzare un <a href=\"https:\/\/www.theengineeringchoice.com\/what-is-spirit-level\/\" target=\"_blank\" rel=\"noopener\">livella a bolla<\/a> per controllare il davanzale in pi\u00f9 punti.<\/p>\n<p>Se ci sono delle zone irregolari, posizionare dei cunei sottili sotto il telaio della finestra per livellarlo.<\/p>\n<p>Questo \u00e8 fondamentale per garantire che la finestra funzioni senza problemi e non si incastri o si disallinei nel tempo.<\/p>\n\n<h3 class=\"wp-block-heading\">Fase 2: Posizionare la finestra nel telaio<\/h3>\n\n<p><img decoding=\"async\" class=\"aligncenter wp-image-1363 size-medium\" title=\"Due uomini in camice blu e tuta stanno lavorando diligentemente su una finestra assicurandosi che sia posizionata correttamente nel telaio\" src=\"https:\/\/aprowin.com\/wp-content\/uploads\/2024\/09\/Two-men-in-blue-shirts-and-overalls-are-diligently-working-on-a-window-ensuring-it-is-properly-placed-in-the-frame-500x333.webp\" alt=\"Due uomini in camice blu e tuta stanno lavorando diligentemente su una finestra assicurandosi che sia posizionata correttamente nel telaio\" width=\"500\" height=\"333\" srcset=\"https:\/\/aprowin.com\/wp-content\/uploads\/2024\/09\/Two-men-in-blue-shirts-and-overalls-are-diligently-working-on-a-window-ensuring-it-is-properly-placed-in-the-frame-500x333.webp 500w, https:\/\/aprowin.com\/wp-content\/uploads\/2024\/09\/Two-men-in-blue-shirts-and-overalls-are-diligently-working-on-a-window-ensuring-it-is-properly-placed-in-the-frame-768x512.webp 768w, https:\/\/aprowin.com\/wp-content\/uploads\/2024\/09\/Two-men-in-blue-shirts-and-overalls-are-diligently-working-on-a-window-ensuring-it-is-properly-placed-in-the-frame.webp 1500w\" sizes=\"(max-width: 500px) 100vw, 500px\" \/><\/p>\n<p>Una volta livellata l&#039;apertura, sollevare con cautela la finestra inserendola nel telaio preparato.<\/p>\n<p>Assicurati di utilizzare il<a href=\"https:\/\/oknoplast.us\/what-is-a-nail-flange-in-modern-windows\/\" target=\"_blank\" rel=\"noopener\"> flangia di chiodatura<\/a>, che dovrebbe essere piegato a un angolo di 90 gradi se non \u00e8 gi\u00e0 stato piegato in precedenza.<\/p>\n<p>La flangia aiuta a fissare la finestra al muro. Posizionare la finestra in modo che aderisca perfettamente al telaio senza forzarla in posizione.<\/p>\n<p>Un corretto allineamento garantisce che la finestra possa aprirsi e chiudersi senza attrito.<\/p>\n\n<ul class=\"wp-block-list\">\n<li><strong>Suggerimento per il posizionamento<\/strong>: Fatevi aiutare da una seconda persona a tenere fermo il finestrino per evitare che si sposti mentre effettuate le regolazioni.<\/li>\n\n<li><strong>Evitare disallineamenti<\/strong>: Una volta posizionata la finestra nell&#039;apertura, controllare attentamente l&#039;allineamento con una livella per accertarsi che sia centrata e squadrata.<\/li>\n<\/ul>\n\n<h3 class=\"wp-block-heading\">Fase 3: Fissare la finestra con i chiodi<\/h3>\n\n<p><img decoding=\"async\" class=\"aligncenter wp-image-1364 size-medium\" title=\"Un uomo in tuta ripara una finestra fissandola con dei chiodi per stabilit\u00e0 e sicurezza\" src=\"https:\/\/aprowin.com\/wp-content\/uploads\/2024\/09\/A-man-in-overalls-repairs-a-window-securing-it-with-nails-for-stability-and-safety-500x333.webp\" alt=\"Un uomo in tuta ripara una finestra fissandola con dei chiodi per stabilit\u00e0 e sicurezza\" width=\"500\" height=\"333\" srcset=\"https:\/\/aprowin.com\/wp-content\/uploads\/2024\/09\/A-man-in-overalls-repairs-a-window-securing-it-with-nails-for-stability-and-safety-500x333.webp 500w, https:\/\/aprowin.com\/wp-content\/uploads\/2024\/09\/A-man-in-overalls-repairs-a-window-securing-it-with-nails-for-stability-and-safety-768x511.webp 768w, https:\/\/aprowin.com\/wp-content\/uploads\/2024\/09\/A-man-in-overalls-repairs-a-window-securing-it-with-nails-for-stability-and-safety.webp 1500w\" sizes=\"(max-width: 500px) 100vw, 500px\" \/><\/p>\n<p>Inizia assicurandoti il <a href=\"https:\/\/aprowin.com\/it\/produttore-di-finestre-in-alluminio\/\">finestra<\/a> dall&#039;alto. Conficca un chiodo attraverso la flangia di chiodatura al centro della flangia superiore.<\/p>\n<p>Continua a fissare la finestra inserendo i chiodi in ogni foro lungo la flangia, procedendo verso il basso.<\/p>\n<p>Assicurarsi che la finestra rimanga in piano durante l&#039;intera operazione controllandola periodicamente con una livella.<\/p>\n<p>Una volta verificato che la finestra \u00e8 livellata e squadrata, inchiodare attraverso i fori rimanenti per fissare completamente la flangia.<\/p>\n\n<h3 class=\"wp-block-heading\">Fase 4: applicare ulteriore impermeabilizzazione<\/h3>\n\n<p><img loading=\"lazy\" decoding=\"async\" class=\"aligncenter wp-image-1365 size-medium\" title=\"Un uomo aziona un elettroutensile per pulire una finestra, garantendo un&#039;ulteriore protezione dalle intemperie\" src=\"https:\/\/aprowin.com\/wp-content\/uploads\/2024\/09\/A-man-operates-a-power-tool-to-clean-a-window-ensuring-additional-weatherproofing-for-enhanced-protection-500x333.webp\" alt=\"Un uomo aziona un elettroutensile per pulire una finestra, garantendo un&#039;ulteriore protezione dalle intemperie\" width=\"500\" height=\"333\" srcset=\"https:\/\/aprowin.com\/wp-content\/uploads\/2024\/09\/A-man-operates-a-power-tool-to-clean-a-window-ensuring-additional-weatherproofing-for-enhanced-protection-500x333.webp 500w, https:\/\/aprowin.com\/wp-content\/uploads\/2024\/09\/A-man-operates-a-power-tool-to-clean-a-window-ensuring-additional-weatherproofing-for-enhanced-protection-768x512.webp 768w, https:\/\/aprowin.com\/wp-content\/uploads\/2024\/09\/A-man-operates-a-power-tool-to-clean-a-window-ensuring-additional-weatherproofing-for-enhanced-protection.webp 1500w\" sizes=\"(max-width: 500px) 100vw, 500px\" \/><\/p>\n<p>Per evitare perdite, applicare uno strato aggiuntivo di guarnizione o <a href=\"https:\/\/mpi-matco.com\/blog\/what-is-aluminum-tape-and-what-is-it-used-for\/\" target=\"_blank\" rel=\"noopener\">nastro di alluminio<\/a> sopra la flangia di chiodatura superiore e lungo i lati.<\/p>\n<p>In questo modo si crea una tenuta stagna che protegge la finestra dall&#039;umidit\u00e0 e dalle intemperie.<\/p>\n<p>Prestate particolare attenzione alla parte superiore, poich\u00e9 \u00e8 da questa zona che \u00e8 pi\u00f9 probabile che entri l&#039;acqua.<\/p>\n<p>Sovrapporre leggermente il nastro su ciascun lato per evitare che rimangano spazi vuoti esposti.<\/p>\n\n<h3 class=\"wp-block-heading\">Fase 5: Rifinitura degli interni<\/h3>\n<p><img loading=\"lazy\" decoding=\"async\" class=\"aligncenter wp-image-1370 size-medium\" title=\"Un uomo pulisce meticolosamente una finestra con un tergivetro, dimostrando l&#039;attenzione ai dettagli nel lavoro di finitura degli interni\" src=\"https:\/\/aprowin.com\/wp-content\/uploads\/2024\/09\/A-man-meticulously-cleans-a-window-with-a-squeegee-showcasing-attention-to-detail-in-interior-finishing-work-500x333.webp\" alt=\"Un uomo pulisce meticolosamente una finestra con un tergivetro, dimostrando l&#039;attenzione ai dettagli nel lavoro di finitura degli interni\" width=\"500\" height=\"333\" srcset=\"https:\/\/aprowin.com\/wp-content\/uploads\/2024\/09\/A-man-meticulously-cleans-a-window-with-a-squeegee-showcasing-attention-to-detail-in-interior-finishing-work-500x333.webp 500w, https:\/\/aprowin.com\/wp-content\/uploads\/2024\/09\/A-man-meticulously-cleans-a-window-with-a-squeegee-showcasing-attention-to-detail-in-interior-finishing-work-768x512.webp 768w, https:\/\/aprowin.com\/wp-content\/uploads\/2024\/09\/A-man-meticulously-cleans-a-window-with-a-squeegee-showcasing-attention-to-detail-in-interior-finishing-work.webp 1500w\" sizes=\"(max-width: 500px) 100vw, 500px\" \/><\/p>\n\n<p>Una volta fissata saldamente la finestra, spostatevi verso l&#039;interno.<\/p>\n<p>Iniziare installando la cornice decorativa attorno alla finestra.<\/p>\n<p>Riempire eventuali spazi tra il telaio della finestra e il muro con <a href=\"https:\/\/aprowin.com\/it\/finestre-in-fibra-di-vetro-contro-finestre-in-alluminio\/\">isolamento in fibra di vetro <\/a>per migliorare l&#039;efficienza energetica ed evitare correnti d&#039;aria.<\/p>\n<p>Installare gli accessori della finestra, come manovelle, cerniere e serrature, assicurandosi che tutto funzioni senza problemi.<\/p>\n\n<h3 class=\"wp-block-heading\">Fase 6: ritocchi finali<\/h3>\n\n<p><img loading=\"lazy\" decoding=\"async\" class=\"aligncenter wp-image-1369 size-medium\" title=\"Una persona che pulisce meticolosamente una finestra con uno straccio giallo, aggiungendo gli ultimi ritocchi per una finitura impeccabile\" src=\"https:\/\/aprowin.com\/wp-content\/uploads\/2024\/09\/A-person-meticulously-cleaning-a-window-with-a-yellow-rag-adding-the-final-touches-for-a-spotless-finish-500x333.webp\" alt=\"Una persona che pulisce meticolosamente una finestra con uno straccio giallo, aggiungendo gli ultimi ritocchi per una finitura impeccabile\" width=\"500\" height=\"333\" srcset=\"https:\/\/aprowin.com\/wp-content\/uploads\/2024\/09\/A-person-meticulously-cleaning-a-window-with-a-yellow-rag-adding-the-final-touches-for-a-spotless-finish-500x333.webp 500w, https:\/\/aprowin.com\/wp-content\/uploads\/2024\/09\/A-person-meticulously-cleaning-a-window-with-a-yellow-rag-adding-the-final-touches-for-a-spotless-finish-768x512.webp 768w, https:\/\/aprowin.com\/wp-content\/uploads\/2024\/09\/A-person-meticulously-cleaning-a-window-with-a-yellow-rag-adding-the-final-touches-for-a-spotless-finish.webp 1500w\" sizes=\"(max-width: 500px) 100vw, 500px\" \/><\/p>\n<p>Completare l&#039;installazione applicando la modanatura esterna attorno alla finestra per completarne l&#039;aspetto e proteggerne i bordi.<\/p>\n<p>Utilizzo<a href=\"https:\/\/www.homedepot.com\/c\/ab\/types-of-caulks-and-sealants-for-your-projects\/9ba683603be9fa5395fab90d0b119c3\" target=\"_blank\" rel=\"noopener\"> stucco di alta qualit\u00e0<\/a> per sigillare eventuali fessure rimanenti tra la finestra e il muro, in particolare attorno ai bordi della modanatura e del telaio.<\/p>\n<p>In questo modo si evitano infiltrazioni d&#039;acqua e si aggiunge un ulteriore strato di protezione dalle intemperie.<\/p>\n<p>Infine, verniciate o rifinite le modanature e gli infissi, se necessario, per abbinarli al resto della casa.<\/p>\n\t\t\t\t\t\t\t\t<\/div>\n\t\t\t\t<\/div>\n\t\t\t\t\t<\/div>\n\t\t\t\t<\/div>\n\t\t\t\t<\/div>","protected":false},"excerpt":{"rendered":"<p>Scopri come installare le finestre a battente con la nostra semplice guida passo-passo. Garantisci oggi stesso una perfetta vestibilit\u00e0, impermeabilit\u00e0 ed efficienza energetica per la tua casa!<\/p>","protected":false},"author":4,"featured_media":1296,"parent":0,"menu_order":0,"comment_status":"closed","ping_status":"closed","template":"elementor_theme","meta":{"_monsterinsights_skip_tracking":false,"_monsterinsights_sitenote_active":false,"_monsterinsights_sitenote_note":"","_monsterinsights_sitenote_category":0,"footnotes":""},"class_list":["post-1328","page","type-page","status-publish","has-post-thumbnail","hentry"],"aioseo_notices":[],"_links":{"self":[{"href":"https:\/\/aprowin.com\/it\/wp-json\/wp\/v2\/pages\/1328"}],"collection":[{"href":"https:\/\/aprowin.com\/it\/wp-json\/wp\/v2\/pages"}],"about":[{"href":"https:\/\/aprowin.com\/it\/wp-json\/wp\/v2\/types\/page"}],"author":[{"embeddable":true,"href":"https:\/\/aprowin.com\/it\/wp-json\/wp\/v2\/users\/4"}],"replies":[{"embeddable":true,"href":"https:\/\/aprowin.com\/it\/wp-json\/wp\/v2\/comments?post=1328"}],"version-history":[{"count":18,"href":"https:\/\/aprowin.com\/it\/wp-json\/wp\/v2\/pages\/1328\/revisions"}],"predecessor-version":[{"id":6945,"href":"https:\/\/aprowin.com\/it\/wp-json\/wp\/v2\/pages\/1328\/revisions\/6945"}],"wp:featuredmedia":[{"embeddable":true,"href":"https:\/\/aprowin.com\/it\/wp-json\/wp\/v2\/media\/1296"}],"wp:attachment":[{"href":"https:\/\/aprowin.com\/it\/wp-json\/wp\/v2\/media?parent=1328"}],"curies":[{"name":"scrivere","href":"https:\/\/api.w.org\/{rel}","templated":true}]}}