{"id":1328,"date":"2024-09-06T03:30:15","date_gmt":"2024-09-06T03:30:15","guid":{"rendered":"https:\/\/aprowin.com\/?page_id=1328"},"modified":"2024-12-25T08:38:09","modified_gmt":"2024-12-25T08:38:09","slug":"instalacao-de-janela-de-batente","status":"publish","type":"page","link":"https:\/\/aprowin.com\/pt\/instalacao-de-janela-de-batente\/","title":{"rendered":"Instala\u00e7\u00e3o de janelas de batente: guia passo a passo"},"content":{"rendered":"<div data-elementor-type=\"wp-page\" data-elementor-id=\"1328\" class=\"elementor elementor-1328\" data-elementor-post-type=\"page\">\n\t\t\t\t<div class=\"elementor-element elementor-element-12b62c6e e-flex e-con-boxed e-con e-parent\" data-id=\"12b62c6e\" data-element_type=\"container\">\n\t\t\t\t\t<div class=\"e-con-inner\">\n\t\t\t\t<div class=\"elementor-element elementor-element-68a74cb7 elementor-widget elementor-widget-text-editor\" data-id=\"68a74cb7\" data-element_type=\"widget\" data-widget_type=\"text-editor.default\">\n\t\t\t\t<div class=\"elementor-widget-container\">\n\t\t\t\t\t\t\t\t\t\n<p>Instalando um <a href=\"https:\/\/aprowin.com\/pt\/janela-de-batente\/\">janela de batente<\/a> pode parecer desafiador, mas seguindo estas etapas detalhadas, voc\u00ea pode garantir uma instala\u00e7\u00e3o tranquila e bem-sucedida.<\/p>\n<p>Vamos percorrer o processo passo a passo.<\/p>\n\n<h3 class=\"wp-block-heading\">Etapa 1: nivele a abertura da janela com cal\u00e7os<\/h3>\n<p><img fetchpriority=\"high\" decoding=\"async\" class=\"aligncenter wp-image-1362 size-medium\" title=\"Um homem mede cuidadosamente uma moldura de janela, garantindo que ela esteja nivelada com cal\u00e7os para uma instala\u00e7\u00e3o precisa\" src=\"https:\/\/aprowin.com\/wp-content\/uploads\/2024\/09\/A-man-carefully-measures-a-window-frame-ensuring-it-is-leveled-with-shims-for-accurate-installation-500x333.webp\" alt=\"Um homem mede cuidadosamente uma moldura de janela, garantindo que ela esteja nivelada com cal\u00e7os para uma instala\u00e7\u00e3o precisa\" width=\"500\" height=\"333\" srcset=\"https:\/\/aprowin.com\/wp-content\/uploads\/2024\/09\/A-man-carefully-measures-a-window-frame-ensuring-it-is-leveled-with-shims-for-accurate-installation-500x333.webp 500w, https:\/\/aprowin.com\/wp-content\/uploads\/2024\/09\/A-man-carefully-measures-a-window-frame-ensuring-it-is-leveled-with-shims-for-accurate-installation-768x512.webp 768w, https:\/\/aprowin.com\/wp-content\/uploads\/2024\/09\/A-man-carefully-measures-a-window-frame-ensuring-it-is-leveled-with-shims-for-accurate-installation.webp 1500w\" sizes=\"(max-width: 500px) 100vw, 500px\" \/><\/p>\n\n<p>Antes de colocar a janela, certifique-se de que o peitoril esteja perfeitamente nivelado.<\/p>\n<p>Use um <a href=\"https:\/\/www.theengineeringchoice.com\/what-is-spirit-level\/\" target=\"_blank\" rel=\"noopener\">n\u00edvel de bolha<\/a> para verificar o peitoril em v\u00e1rios pontos.<\/p>\n<p>Se houver \u00e1reas irregulares, coloque cal\u00e7os (cunhas finas) sob a moldura da janela para nivel\u00e1-la.<\/p>\n<p>Isso \u00e9 crucial para garantir que a janela funcione sem problemas e n\u00e3o fique presa ou desalinhada com o tempo.<\/p>\n\n<h3 class=\"wp-block-heading\">Etapa 2: Coloque a janela na moldura<\/h3>\n\n<p><img decoding=\"async\" class=\"aligncenter wp-image-1363 size-medium\" title=\"Dois homens de camisa azul e macac\u00e3o trabalham diligentemente em uma janela, garantindo que ela esteja devidamente colocada na moldura\" src=\"https:\/\/aprowin.com\/wp-content\/uploads\/2024\/09\/Two-men-in-blue-shirts-and-overalls-are-diligently-working-on-a-window-ensuring-it-is-properly-placed-in-the-frame-500x333.webp\" alt=\"Dois homens de camisa azul e macac\u00e3o trabalham diligentemente em uma janela, garantindo que ela esteja devidamente colocada na moldura\" width=\"500\" height=\"333\" srcset=\"https:\/\/aprowin.com\/wp-content\/uploads\/2024\/09\/Two-men-in-blue-shirts-and-overalls-are-diligently-working-on-a-window-ensuring-it-is-properly-placed-in-the-frame-500x333.webp 500w, https:\/\/aprowin.com\/wp-content\/uploads\/2024\/09\/Two-men-in-blue-shirts-and-overalls-are-diligently-working-on-a-window-ensuring-it-is-properly-placed-in-the-frame-768x512.webp 768w, https:\/\/aprowin.com\/wp-content\/uploads\/2024\/09\/Two-men-in-blue-shirts-and-overalls-are-diligently-working-on-a-window-ensuring-it-is-properly-placed-in-the-frame.webp 1500w\" sizes=\"(max-width: 500px) 100vw, 500px\" \/><\/p>\n<p>Com a abertura nivelada, levante cuidadosamente a janela para dentro da moldura preparada.<\/p>\n<p>Certifique-se de usar o<a href=\"https:\/\/oknoplast.us\/what-is-a-nail-flange-in-modern-windows\/\" target=\"_blank\" rel=\"noopener\"> flange de pregagem<\/a>, que deve ser dobrado em um \u00e2ngulo de 90 graus, caso ainda n\u00e3o esteja pr\u00e9-dobrado.<\/p>\n<p>O flange ajuda a prender a janela \u00e0 parede. Posicione a janela de modo que ela fique bem presa na moldura sem for\u00e7\u00e1-la a ficar no lugar.<\/p>\n<p>O alinhamento adequado garante que a janela possa abrir e fechar sem atrito.<\/p>\n\n<ul class=\"wp-block-list\">\n<li><strong>Dica de posicionamento<\/strong>: Pe\u00e7a para outra pessoa ajudar a segurar a janela para evitar que ela se mova enquanto voc\u00ea faz os ajustes.<\/li>\n\n<li><strong>Evitando desalinhamento<\/strong>: Verifique novamente o alinhamento da janela com um n\u00edvel, uma vez colocada na abertura, para garantir que ela esteja centralizada e quadrada.<\/li>\n<\/ul>\n\n<h3 class=\"wp-block-heading\">Etapa 3: Prenda a janela com pregos<\/h3>\n\n<p><img decoding=\"async\" class=\"aligncenter wp-image-1364 size-medium\" title=\"Um homem de macac\u00e3o conserta uma janela prendendo-a com pregos para estabilidade e seguran\u00e7a\" src=\"https:\/\/aprowin.com\/wp-content\/uploads\/2024\/09\/A-man-in-overalls-repairs-a-window-securing-it-with-nails-for-stability-and-safety-500x333.webp\" alt=\"Um homem de macac\u00e3o conserta uma janela prendendo-a com pregos para estabilidade e seguran\u00e7a\" width=\"500\" height=\"333\" srcset=\"https:\/\/aprowin.com\/wp-content\/uploads\/2024\/09\/A-man-in-overalls-repairs-a-window-securing-it-with-nails-for-stability-and-safety-500x333.webp 500w, https:\/\/aprowin.com\/wp-content\/uploads\/2024\/09\/A-man-in-overalls-repairs-a-window-securing-it-with-nails-for-stability-and-safety-768x511.webp 768w, https:\/\/aprowin.com\/wp-content\/uploads\/2024\/09\/A-man-in-overalls-repairs-a-window-securing-it-with-nails-for-stability-and-safety.webp 1500w\" sizes=\"(max-width: 500px) 100vw, 500px\" \/><\/p>\n<p>Comece protegendo o <a href=\"https:\/\/aprowin.com\/pt\/fabricante-de-janelas-de-aluminio\/\">janela<\/a> do topo. Coloque um prego atrav\u00e9s do flange de pregagem no centro do flange superior.<\/p>\n<p>Continue prendendo a janela colocando pregos em furos alternados ao longo do flange, trabalhando para baixo.<\/p>\n<p>Certifique-se de que a janela permane\u00e7a nivelada durante todo o processo, verificando-a periodicamente com um n\u00edvel.<\/p>\n<p>Depois que a janela estiver nivelada e quadrada, pregue nos furos restantes para prender o flange completamente.<\/p>\n\n<h3 class=\"wp-block-heading\">Etapa 4: aplique prote\u00e7\u00e3o adicional contra intemp\u00e9ries<\/h3>\n\n<p><img loading=\"lazy\" decoding=\"async\" class=\"aligncenter wp-image-1365 size-medium\" title=\"Um homem opera uma ferramenta el\u00e9trica para limpar uma janela, garantindo prote\u00e7\u00e3o adicional contra intemp\u00e9ries\" src=\"https:\/\/aprowin.com\/wp-content\/uploads\/2024\/09\/A-man-operates-a-power-tool-to-clean-a-window-ensuring-additional-weatherproofing-for-enhanced-protection-500x333.webp\" alt=\"Um homem opera uma ferramenta el\u00e9trica para limpar uma janela, garantindo prote\u00e7\u00e3o adicional contra intemp\u00e9ries\" width=\"500\" height=\"333\" srcset=\"https:\/\/aprowin.com\/wp-content\/uploads\/2024\/09\/A-man-operates-a-power-tool-to-clean-a-window-ensuring-additional-weatherproofing-for-enhanced-protection-500x333.webp 500w, https:\/\/aprowin.com\/wp-content\/uploads\/2024\/09\/A-man-operates-a-power-tool-to-clean-a-window-ensuring-additional-weatherproofing-for-enhanced-protection-768x512.webp 768w, https:\/\/aprowin.com\/wp-content\/uploads\/2024\/09\/A-man-operates-a-power-tool-to-clean-a-window-ensuring-additional-weatherproofing-for-enhanced-protection.webp 1500w\" sizes=\"(max-width: 500px) 100vw, 500px\" \/><\/p>\n<p>Para evitar vazamentos, aplique uma camada adicional de junta ou <a href=\"https:\/\/mpi-matco.com\/blog\/what-is-aluminum-tape-and-what-is-it-used-for\/\" target=\"_blank\" rel=\"noopener\">fita de alum\u00ednio<\/a> sobre o flange de pregagem superior e ao longo das laterais.<\/p>\n<p>Isso cria uma veda\u00e7\u00e3o forte que protege a janela da umidade e das intemp\u00e9ries.<\/p>\n<p>Preste aten\u00e7\u00e3o especial \u00e0 parte superior, pois \u00e9 por essa \u00e1rea que \u00e9 mais prov\u00e1vel que entre \u00e1gua.<\/p>\n<p>Sobreponha a fita ligeiramente em cada lado para garantir que n\u00e3o fiquem espa\u00e7os expostos.<\/p>\n\n<h3 class=\"wp-block-heading\">Etapa 5: Acabamento interno<\/h3>\n<p><img loading=\"lazy\" decoding=\"async\" class=\"aligncenter wp-image-1370 size-medium\" title=\"Um homem limpa meticulosamente uma janela com um rodo, demonstrando aten\u00e7\u00e3o aos detalhes no trabalho de acabamento interno\" src=\"https:\/\/aprowin.com\/wp-content\/uploads\/2024\/09\/A-man-meticulously-cleans-a-window-with-a-squeegee-showcasing-attention-to-detail-in-interior-finishing-work-500x333.webp\" alt=\"Um homem limpa meticulosamente uma janela com um rodo, demonstrando aten\u00e7\u00e3o aos detalhes no trabalho de acabamento interno\" width=\"500\" height=\"333\" srcset=\"https:\/\/aprowin.com\/wp-content\/uploads\/2024\/09\/A-man-meticulously-cleans-a-window-with-a-squeegee-showcasing-attention-to-detail-in-interior-finishing-work-500x333.webp 500w, https:\/\/aprowin.com\/wp-content\/uploads\/2024\/09\/A-man-meticulously-cleans-a-window-with-a-squeegee-showcasing-attention-to-detail-in-interior-finishing-work-768x512.webp 768w, https:\/\/aprowin.com\/wp-content\/uploads\/2024\/09\/A-man-meticulously-cleans-a-window-with-a-squeegee-showcasing-attention-to-detail-in-interior-finishing-work.webp 1500w\" sizes=\"(max-width: 500px) 100vw, 500px\" \/><\/p>\n\n<p>Depois que a janela estiver firmemente instalada, v\u00e1 para o interior.<\/p>\n<p>Comece instalando a moldura (a moldura decorativa) ao redor da janela.<\/p>\n<p>Preencha quaisquer lacunas entre a moldura da janela e a parede com <a href=\"https:\/\/aprowin.com\/pt\/janelas-de-fibra-de-vidro-vs-janelas-de-aluminio\/\">isolamento de fibra de vidro <\/a>para melhorar a efici\u00eancia energ\u00e9tica e evitar correntes de ar.<\/p>\n<p>Instale o hardware da janela, como manivelas, dobradi\u00e7as e travas, certificando-se de que tudo funcione perfeitamente.<\/p>\n\n<h3 class=\"wp-block-heading\">Etapa 6: Toques finais<\/h3>\n\n<p><img loading=\"lazy\" decoding=\"async\" class=\"aligncenter wp-image-1369 size-medium\" title=\"Uma pessoa limpando meticulosamente uma janela com um pano amarelo, dando os retoques finais para um acabamento impec\u00e1vel\" src=\"https:\/\/aprowin.com\/wp-content\/uploads\/2024\/09\/A-person-meticulously-cleaning-a-window-with-a-yellow-rag-adding-the-final-touches-for-a-spotless-finish-500x333.webp\" alt=\"Uma pessoa limpando meticulosamente uma janela com um pano amarelo, dando os retoques finais para um acabamento impec\u00e1vel\" width=\"500\" height=\"333\" srcset=\"https:\/\/aprowin.com\/wp-content\/uploads\/2024\/09\/A-person-meticulously-cleaning-a-window-with-a-yellow-rag-adding-the-final-touches-for-a-spotless-finish-500x333.webp 500w, https:\/\/aprowin.com\/wp-content\/uploads\/2024\/09\/A-person-meticulously-cleaning-a-window-with-a-yellow-rag-adding-the-final-touches-for-a-spotless-finish-768x512.webp 768w, https:\/\/aprowin.com\/wp-content\/uploads\/2024\/09\/A-person-meticulously-cleaning-a-window-with-a-yellow-rag-adding-the-final-touches-for-a-spotless-finish.webp 1500w\" sizes=\"(max-width: 500px) 100vw, 500px\" \/><\/p>\n<p>Finalize a instala\u00e7\u00e3o aplicando acabamento externo ao redor da janela para completar o visual e proteger as bordas.<\/p>\n<p>Usar<a href=\"https:\/\/www.homedepot.com\/c\/ab\/types-of-caulks-and-sealants-for-your-projects\/9ba683603be9fa5395fab90d0b119c3\" target=\"_blank\" rel=\"noopener\"> calafetagem de alta qualidade<\/a> para selar quaisquer espa\u00e7os restantes entre a janela e a parede, principalmente ao redor das bordas do acabamento e da moldura.<\/p>\n<p>Isso evita a infiltra\u00e7\u00e3o de \u00e1gua e adiciona outra camada de prote\u00e7\u00e3o contra intemp\u00e9ries.<\/p>\n<p>Por fim, pinte ou finalize o acabamento e o revestimento conforme necess\u00e1rio para combinar com o restante da casa.<\/p>\n\t\t\t\t\t\t\t\t<\/div>\n\t\t\t\t<\/div>\n\t\t\t\t\t<\/div>\n\t\t\t\t<\/div>\n\t\t\t\t<\/div>","protected":false},"excerpt":{"rendered":"<p>Aprenda a instalar janelas de batente com nosso guia passo a passo f\u00e1cil. Garanta um ajuste perfeito, prote\u00e7\u00e3o contra intemp\u00e9ries e efici\u00eancia energ\u00e9tica para sua casa hoje mesmo!<\/p>","protected":false},"author":4,"featured_media":1296,"parent":0,"menu_order":0,"comment_status":"closed","ping_status":"closed","template":"elementor_theme","meta":{"_monsterinsights_skip_tracking":false,"_monsterinsights_sitenote_active":false,"_monsterinsights_sitenote_note":"","_monsterinsights_sitenote_category":0,"footnotes":""},"class_list":["post-1328","page","type-page","status-publish","has-post-thumbnail","hentry"],"aioseo_notices":[],"_links":{"self":[{"href":"https:\/\/aprowin.com\/pt\/wp-json\/wp\/v2\/pages\/1328"}],"collection":[{"href":"https:\/\/aprowin.com\/pt\/wp-json\/wp\/v2\/pages"}],"about":[{"href":"https:\/\/aprowin.com\/pt\/wp-json\/wp\/v2\/types\/page"}],"author":[{"embeddable":true,"href":"https:\/\/aprowin.com\/pt\/wp-json\/wp\/v2\/users\/4"}],"replies":[{"embeddable":true,"href":"https:\/\/aprowin.com\/pt\/wp-json\/wp\/v2\/comments?post=1328"}],"version-history":[{"count":18,"href":"https:\/\/aprowin.com\/pt\/wp-json\/wp\/v2\/pages\/1328\/revisions"}],"predecessor-version":[{"id":6945,"href":"https:\/\/aprowin.com\/pt\/wp-json\/wp\/v2\/pages\/1328\/revisions\/6945"}],"wp:featuredmedia":[{"embeddable":true,"href":"https:\/\/aprowin.com\/pt\/wp-json\/wp\/v2\/media\/1296"}],"wp:attachment":[{"href":"https:\/\/aprowin.com\/pt\/wp-json\/wp\/v2\/media?parent=1328"}],"curies":[{"name":"wp","href":"https:\/\/api.w.org\/{rel}","templated":true}]}}